{"id":459,"date":"2025-08-25T13:13:15","date_gmt":"2025-08-25T16:13:15","guid":{"rendered":"https:\/\/musicosparaeventos.com.br\/portal\/?page_id=459"},"modified":"2026-03-11T16:39:11","modified_gmt":"2026-03-11T19:39:11","slug":"como-funciona-contratantes","status":"publish","type":"page","link":"https:\/\/musicosparaeventos.com.br\/portal\/como-funciona-contratantes\/","title":{"rendered":"Como funciona &#8211; Contratantes"},"content":{"rendered":"\t\t<div data-elementor-type=\"wp-page\" data-elementor-id=\"459\" class=\"elementor elementor-459\">\n\t\t\t\t<div class=\"elementor-element elementor-element-1e401bdb e-flex e-con-boxed e-con e-parent\" data-id=\"1e401bdb\" data-element_type=\"container\" data-e-type=\"container\">\n\t\t\t\t\t<div class=\"e-con-inner\">\n\t\t\t\t<div class=\"elementor-element elementor-element-1ea624e7 elementor-widget elementor-widget-heading\" data-id=\"1ea624e7\" data-element_type=\"widget\" data-e-type=\"widget\" data-widget_type=\"heading.default\">\n\t\t\t\t\t<h2 class=\"elementor-heading-title elementor-size-default\">Como funciona para contratar na MPE<\/h2>\t\t\t\t<\/div>\n\t\t\t\t<div class=\"elementor-element elementor-element-0dfcc2a elementor-widget elementor-widget-heading\" data-id=\"0dfcc2a\" data-element_type=\"widget\" data-e-type=\"widget\" data-widget_type=\"heading.default\">\n\t\t\t\t\t<h3 class=\"elementor-heading-title elementor-size-default\">Contratar a m\u00fasica ideal para o seu evento \u00e9 simples, r\u00e1pido e seguro.<\/h3>\t\t\t\t<\/div>\n\t\t\t\t<div class=\"elementor-element elementor-element-a8b76a elementor-widget elementor-widget-text-editor\" data-id=\"a8b76a\" data-element_type=\"widget\" data-e-type=\"widget\" data-widget_type=\"text-editor.default\">\n\t\t\t\t\t\t\t\t\t<h3 data-start=\"228\" data-end=\"265\">1\ufe0f\u20e3 Escolha a solu\u00e7\u00e3o ideal para o seu evento<\/h3><p data-start=\"604\" data-end=\"738\">Dentro de cada categoria, voc\u00ea encontrar\u00e1 atra\u00e7\u00f5es cuidadosamente selecionadas para atender diferentes estilos, formatos e atmosferas.<\/p><p data-start=\"740\" data-end=\"750\">Voc\u00ea pode:<\/p><ul data-start=\"752\" data-end=\"845\"><li data-start=\"773\" data-end=\"790\"><p data-start=\"775\" data-end=\"790\">Assistir v\u00eddeos<\/p><\/li><li data-start=\"791\" data-end=\"813\"><p data-start=\"793\" data-end=\"813\">Conhecer repert\u00f3rios<\/p><\/li><li data-start=\"814\" data-end=\"845\"><p data-start=\"816\" data-end=\"845\">Ver fotos e detalhes t\u00e9cnicos<\/p><\/li><\/ul><p data-start=\"847\" data-end=\"889\">Tudo para tomar uma decis\u00e3o com confian\u00e7a<\/p><hr data-start=\"612\" data-end=\"615\" \/><h3 data-start=\"617\" data-end=\"670\">2\ufe0f\u20e3 Solicite um or\u00e7amento personalizado<\/h3><p data-start=\"1499\" data-end=\"1571\">Preencha o formul\u00e1rio de or\u00e7amento.<\/p><h3 data-start=\"1499\" data-end=\"1571\">3\ufe0f\u20e3 Prefere falar direto? Fale conosco no WhatsApp<\/h3><p data-start=\"1306\" data-end=\"1408\">Se quiser agilidade, voc\u00ea tamb\u00e9m pode clicar no bot\u00e3o de WhatsApp e enviar sua mensagem imediatamente.<\/p><h3 data-start=\"1555\" data-end=\"1587\">4\ufe0f\u20e3 Quer ajuda para escolher?<\/h3><p data-start=\"1589\" data-end=\"1692\">Se ainda estiver em d\u00favida sobre qual atra\u00e7\u00e3o contratar, voc\u00ea pode clicar no bot\u00e3o abaixo desta p\u00e1gina.<\/p><p data-start=\"1694\" data-end=\"1786\">Entraremos em contato para entender seu evento e recomendar a solu\u00e7\u00e3o musical mais adequada.<\/p><p data-start=\"1788\" data-end=\"1863\">Nosso objetivo \u00e9 garantir que a experi\u00eancia seja perfeita do in\u00edcio ao fim<\/p><p data-start=\"1499\" data-end=\"1571\">\u00a0<\/p>\t\t\t\t\t\t\t\t<\/div>\n\t\t\t\t\t<\/div>\n\t\t\t\t<\/div>\n\t\t<div class=\"elementor-element elementor-element-71d2587c e-flex e-con-boxed e-con e-parent\" data-id=\"71d2587c\" data-element_type=\"container\" data-e-type=\"container\">\n\t\t\t\t\t<div class=\"e-con-inner\">\n\t\t\t\t<div class=\"elementor-element elementor-element-2a0e4ed7 elementor-align-center elementor-widget elementor-widget-button\" data-id=\"2a0e4ed7\" data-element_type=\"widget\" data-e-type=\"widget\" data-widget_type=\"button.default\">\n\t\t\t\t\t\t\t\t\t\t<a class=\"elementor-button elementor-button-link elementor-size-sm\" href=\"https:\/\/musicosparaeventos.com.br\/portal\/quero-receber-propostas-e-orcamentos\/\">\n\t\t\t\t\t\t<span class=\"elementor-button-content-wrapper\">\n\t\t\t\t\t\t\t\t\t<span class=\"elementor-button-text\">FAZER UM PEDIDO DE M\u00daSICOS PARA EVENTOS<\/span>\n\t\t\t\t\t<\/span>\n\t\t\t\t\t<\/a>\n\t\t\t\t\t\t\t\t<\/div>\n\t\t\t\t\t<\/div>\n\t\t\t\t<\/div>\n\t\t\t\t<\/div>\n\t\t","protected":false},"excerpt":{"rendered":"<p>Como funciona para contratar na MPE Contratar a m\u00fasica ideal para o seu evento \u00e9 simples, r\u00e1pido e seguro. 1\ufe0f\u20e3 Escolha a solu\u00e7\u00e3o ideal para o seu evento Dentro de cada categoria, voc\u00ea encontrar\u00e1 atra\u00e7\u00f5es cuidadosamente selecionadas para atender diferentes estilos, formatos e atmosferas. Voc\u00ea pode: Assistir v\u00eddeos Conhecer repert\u00f3rios Ver fotos e detalhes t\u00e9cnicos [&hellip;]<\/p>\n","protected":false},"author":1,"featured_media":0,"parent":0,"menu_order":0,"comment_status":"closed","ping_status":"closed","template":"","meta":{"footnotes":""},"class_list":["post-459","page","type-page","status-publish","hentry"],"yoast_head":"<!-- This site is optimized with the Yoast SEO plugin v27.2 - https:\/\/yoast.com\/product\/yoast-seo-wordpress\/ -->\n<title>Como funciona - Contratantes - MPE M\u00fasicos para Eventos<\/title>\n<meta name=\"robots\" content=\"index, follow, max-snippet:-1, max-image-preview:large, max-video-preview:-1\" \/>\n<link rel=\"canonical\" href=\"https:\/\/musicosparaeventos.com.br\/portal\/como-funciona-contratantes\/\" \/>\n<meta property=\"og:locale\" content=\"pt_BR\" \/>\n<meta property=\"og:type\" content=\"article\" \/>\n<meta property=\"og:title\" content=\"Como funciona - Contratantes - MPE M\u00fasicos para Eventos\" \/>\n<meta property=\"og:description\" content=\"Como funciona para contratar na MPE Contratar a m\u00fasica ideal para o seu evento \u00e9 simples, r\u00e1pido e seguro. 1\ufe0f\u20e3 Escolha a solu\u00e7\u00e3o ideal para o seu evento Dentro de cada categoria, voc\u00ea encontrar\u00e1 atra\u00e7\u00f5es cuidadosamente selecionadas para atender diferentes estilos, formatos e atmosferas. Voc\u00ea pode: Assistir v\u00eddeos Conhecer repert\u00f3rios Ver fotos e detalhes t\u00e9cnicos [&hellip;]\" \/>\n<meta property=\"og:url\" content=\"https:\/\/musicosparaeventos.com.br\/portal\/como-funciona-contratantes\/\" \/>\n<meta property=\"og:site_name\" content=\"MPE M\u00fasicos para Eventos\" \/>\n<meta property=\"article:modified_time\" content=\"2026-03-11T19:39:11+00:00\" \/>\n<meta name=\"twitter:card\" content=\"summary_large_image\" \/>\n<meta name=\"twitter:label1\" content=\"Est. tempo de leitura\" \/>\n\t<meta name=\"twitter:data1\" content=\"2 minutos\" \/>\n<script type=\"application\/ld+json\" class=\"yoast-schema-graph\">{\"@context\":\"https:\/\/schema.org\",\"@graph\":[{\"@type\":\"WebPage\",\"@id\":\"https:\/\/musicosparaeventos.com.br\/portal\/como-funciona-contratantes\/\",\"url\":\"https:\/\/musicosparaeventos.com.br\/portal\/como-funciona-contratantes\/\",\"name\":\"Como funciona - Contratantes - MPE M\u00fasicos para Eventos\",\"isPartOf\":{\"@id\":\"https:\/\/musicosparaeventos.com.br\/portal\/#website\"},\"datePublished\":\"2025-08-25T16:13:15+00:00\",\"dateModified\":\"2026-03-11T19:39:11+00:00\",\"breadcrumb\":{\"@id\":\"https:\/\/musicosparaeventos.com.br\/portal\/como-funciona-contratantes\/#breadcrumb\"},\"inLanguage\":\"pt-BR\",\"potentialAction\":[{\"@type\":\"ReadAction\",\"target\":[\"https:\/\/musicosparaeventos.com.br\/portal\/como-funciona-contratantes\/\"]}]},{\"@type\":\"BreadcrumbList\",\"@id\":\"https:\/\/musicosparaeventos.com.br\/portal\/como-funciona-contratantes\/#breadcrumb\",\"itemListElement\":[{\"@type\":\"ListItem\",\"position\":1,\"name\":\"In\u00edcio\",\"item\":\"https:\/\/musicosparaeventos.com.br\/portal\/\"},{\"@type\":\"ListItem\",\"position\":2,\"name\":\"Como funciona &#8211; Contratantes\"}]},{\"@type\":\"WebSite\",\"@id\":\"https:\/\/musicosparaeventos.com.br\/portal\/#website\",\"url\":\"https:\/\/musicosparaeventos.com.br\/portal\/\",\"name\":\"MPE M\u00fasicos para Eventos\",\"description\":\"MPE M\u00fasicos para Eventos\",\"publisher\":{\"@id\":\"https:\/\/musicosparaeventos.com.br\/portal\/#organization\"},\"potentialAction\":[{\"@type\":\"SearchAction\",\"target\":{\"@type\":\"EntryPoint\",\"urlTemplate\":\"https:\/\/musicosparaeventos.com.br\/portal\/?s={search_term_string}\"},\"query-input\":{\"@type\":\"PropertyValueSpecification\",\"valueRequired\":true,\"valueName\":\"search_term_string\"}}],\"inLanguage\":\"pt-BR\"},{\"@type\":\"Organization\",\"@id\":\"https:\/\/musicosparaeventos.com.br\/portal\/#organization\",\"name\":\"MPE M\u00fasicos para Eventos\",\"url\":\"https:\/\/musicosparaeventos.com.br\/portal\/\",\"logo\":{\"@type\":\"ImageObject\",\"inLanguage\":\"pt-BR\",\"@id\":\"https:\/\/musicosparaeventos.com.br\/portal\/#\/schema\/logo\/image\/\",\"url\":\"https:\/\/musicosparaeventos.com.br\/portal\/wp-content\/uploads\/2025\/08\/cropped-mpe-logo1.png\",\"contentUrl\":\"https:\/\/musicosparaeventos.com.br\/portal\/wp-content\/uploads\/2025\/08\/cropped-mpe-logo1.png\",\"width\":150,\"height\":71,\"caption\":\"MPE M\u00fasicos para Eventos\"},\"image\":{\"@id\":\"https:\/\/musicosparaeventos.com.br\/portal\/#\/schema\/logo\/image\/\"}}]}<\/script>\n<!-- \/ Yoast SEO plugin. -->","yoast_head_json":{"title":"Como funciona - Contratantes - MPE M\u00fasicos para Eventos","robots":{"index":"index","follow":"follow","max-snippet":"max-snippet:-1","max-image-preview":"max-image-preview:large","max-video-preview":"max-video-preview:-1"},"canonical":"https:\/\/musicosparaeventos.com.br\/portal\/como-funciona-contratantes\/","og_locale":"pt_BR","og_type":"article","og_title":"Como funciona - Contratantes - MPE M\u00fasicos para Eventos","og_description":"Como funciona para contratar na MPE Contratar a m\u00fasica ideal para o seu evento \u00e9 simples, r\u00e1pido e seguro. 1\ufe0f\u20e3 Escolha a solu\u00e7\u00e3o ideal para o seu evento Dentro de cada categoria, voc\u00ea encontrar\u00e1 atra\u00e7\u00f5es cuidadosamente selecionadas para atender diferentes estilos, formatos e atmosferas. Voc\u00ea pode: Assistir v\u00eddeos Conhecer repert\u00f3rios Ver fotos e detalhes t\u00e9cnicos [&hellip;]","og_url":"https:\/\/musicosparaeventos.com.br\/portal\/como-funciona-contratantes\/","og_site_name":"MPE M\u00fasicos para Eventos","article_modified_time":"2026-03-11T19:39:11+00:00","twitter_card":"summary_large_image","twitter_misc":{"Est. tempo de leitura":"2 minutos"},"schema":{"@context":"https:\/\/schema.org","@graph":[{"@type":"WebPage","@id":"https:\/\/musicosparaeventos.com.br\/portal\/como-funciona-contratantes\/","url":"https:\/\/musicosparaeventos.com.br\/portal\/como-funciona-contratantes\/","name":"Como funciona - Contratantes - MPE M\u00fasicos para Eventos","isPartOf":{"@id":"https:\/\/musicosparaeventos.com.br\/portal\/#website"},"datePublished":"2025-08-25T16:13:15+00:00","dateModified":"2026-03-11T19:39:11+00:00","breadcrumb":{"@id":"https:\/\/musicosparaeventos.com.br\/portal\/como-funciona-contratantes\/#breadcrumb"},"inLanguage":"pt-BR","potentialAction":[{"@type":"ReadAction","target":["https:\/\/musicosparaeventos.com.br\/portal\/como-funciona-contratantes\/"]}]},{"@type":"BreadcrumbList","@id":"https:\/\/musicosparaeventos.com.br\/portal\/como-funciona-contratantes\/#breadcrumb","itemListElement":[{"@type":"ListItem","position":1,"name":"In\u00edcio","item":"https:\/\/musicosparaeventos.com.br\/portal\/"},{"@type":"ListItem","position":2,"name":"Como funciona &#8211; Contratantes"}]},{"@type":"WebSite","@id":"https:\/\/musicosparaeventos.com.br\/portal\/#website","url":"https:\/\/musicosparaeventos.com.br\/portal\/","name":"MPE M\u00fasicos para Eventos","description":"MPE M\u00fasicos para Eventos","publisher":{"@id":"https:\/\/musicosparaeventos.com.br\/portal\/#organization"},"potentialAction":[{"@type":"SearchAction","target":{"@type":"EntryPoint","urlTemplate":"https:\/\/musicosparaeventos.com.br\/portal\/?s={search_term_string}"},"query-input":{"@type":"PropertyValueSpecification","valueRequired":true,"valueName":"search_term_string"}}],"inLanguage":"pt-BR"},{"@type":"Organization","@id":"https:\/\/musicosparaeventos.com.br\/portal\/#organization","name":"MPE M\u00fasicos para Eventos","url":"https:\/\/musicosparaeventos.com.br\/portal\/","logo":{"@type":"ImageObject","inLanguage":"pt-BR","@id":"https:\/\/musicosparaeventos.com.br\/portal\/#\/schema\/logo\/image\/","url":"https:\/\/musicosparaeventos.com.br\/portal\/wp-content\/uploads\/2025\/08\/cropped-mpe-logo1.png","contentUrl":"https:\/\/musicosparaeventos.com.br\/portal\/wp-content\/uploads\/2025\/08\/cropped-mpe-logo1.png","width":150,"height":71,"caption":"MPE M\u00fasicos para Eventos"},"image":{"@id":"https:\/\/musicosparaeventos.com.br\/portal\/#\/schema\/logo\/image\/"}}]}},"_links":{"self":[{"href":"https:\/\/musicosparaeventos.com.br\/portal\/wp-json\/wp\/v2\/pages\/459","targetHints":{"allow":["GET"]}}],"collection":[{"href":"https:\/\/musicosparaeventos.com.br\/portal\/wp-json\/wp\/v2\/pages"}],"about":[{"href":"https:\/\/musicosparaeventos.com.br\/portal\/wp-json\/wp\/v2\/types\/page"}],"author":[{"embeddable":true,"href":"https:\/\/musicosparaeventos.com.br\/portal\/wp-json\/wp\/v2\/users\/1"}],"replies":[{"embeddable":true,"href":"https:\/\/musicosparaeventos.com.br\/portal\/wp-json\/wp\/v2\/comments?post=459"}],"version-history":[{"count":16,"href":"https:\/\/musicosparaeventos.com.br\/portal\/wp-json\/wp\/v2\/pages\/459\/revisions"}],"predecessor-version":[{"id":944,"href":"https:\/\/musicosparaeventos.com.br\/portal\/wp-json\/wp\/v2\/pages\/459\/revisions\/944"}],"wp:attachment":[{"href":"https:\/\/musicosparaeventos.com.br\/portal\/wp-json\/wp\/v2\/media?parent=459"}],"curies":[{"name":"wp","href":"https:\/\/api.w.org\/{rel}","templated":true}]}}