{"id":423,"date":"2025-08-25T12:44:15","date_gmt":"2025-08-25T15:44:15","guid":{"rendered":"https:\/\/musicosparaeventos.com.br\/portal\/?page_id=423"},"modified":"2026-03-11T16:37:10","modified_gmt":"2026-03-11T19:37:10","slug":"como-funciona-musicos","status":"publish","type":"page","link":"https:\/\/musicosparaeventos.com.br\/portal\/como-funciona-musicos\/","title":{"rendered":"Como Funciona &#8211; M\u00fasicos"},"content":{"rendered":"\t\t<div data-elementor-type=\"wp-page\" data-elementor-id=\"423\" class=\"elementor elementor-423\">\n\t\t\t\t<div class=\"elementor-element elementor-element-f30bc71 e-flex e-con-boxed e-con e-parent\" data-id=\"f30bc71\" data-element_type=\"container\" data-e-type=\"container\">\n\t\t\t\t\t<div class=\"e-con-inner\">\n\t\t\t\t<div class=\"elementor-element elementor-element-d90f3eb elementor-widget elementor-widget-heading\" data-id=\"d90f3eb\" data-element_type=\"widget\" data-e-type=\"widget\" data-widget_type=\"heading.default\">\n\t\t\t\t\t<h2 class=\"elementor-heading-title elementor-size-default\">Como funciona para M\u00fasicos<\/h2>\t\t\t\t<\/div>\n\t\t\t\t<div class=\"elementor-element elementor-element-3974698 elementor-widget elementor-widget-text-editor\" data-id=\"3974698\" data-element_type=\"widget\" data-e-type=\"widget\" data-widget_type=\"text-editor.default\">\n\t\t\t\t\t\t\t\t\t<p class=\"p1\">Quer mostrar seu talento em eventos inesquec\u00edveis?<br \/>A MPE conecta m\u00fasicos a contratantes de todo o Brasil, com a curadoria de produtores especializados que cuidam de cada detalhe para voc\u00ea.<\/p><p class=\"p3\"><b>1. Inscreva-se<\/b><\/p><p class=\"p1\">Preencha o formul\u00e1rio de inscri\u00e7\u00e3o com seus dados e informa\u00e7\u00f5es sobre seu trabalho musical.<\/p><p class=\"p3\"><b>2. Avalia\u00e7\u00e3o<\/b><\/p><p class=\"p1\">Nossa equipe faz uma curadoria do material enviado e aprova os m\u00fasicos que atendem aos requisitos da plataforma.<\/p><p class=\"p1\">O produtor entrar\u00e1 em contato para conversar.<\/p>\t\t\t\t\t\t\t\t<\/div>\n\t\t\t\t\t<\/div>\n\t\t\t\t<\/div>\n\t\t<div class=\"elementor-element elementor-element-8fa10ce e-flex e-con-boxed e-con e-parent\" data-id=\"8fa10ce\" data-element_type=\"container\" data-e-type=\"container\">\n\t\t\t\t\t<div class=\"e-con-inner\">\n\t\t\t\t<div class=\"elementor-element elementor-element-62065a3 elementor-widget elementor-widget-text-editor\" data-id=\"62065a3\" data-element_type=\"widget\" data-e-type=\"widget\" data-widget_type=\"text-editor.default\">\n\t\t\t\t\t\t\t\t\t<noscript class=\"ninja-forms-noscript-message\">\n\tAviso: O JavaScript \u00e9 necess\u00e1rio para esse conte\u00fado.<\/noscript>\n<div id=\"nf-form-5-cont\" class=\"nf-form-cont\" aria-live=\"polite\" aria-labelledby=\"nf-form-title-5\" aria-describedby=\"nf-form-errors-5\" role=\"form\">\n\n    <div class=\"nf-loading-spinner\"><\/div>\n\n<\/div>\n        <!-- That data is being printed as a workaround to page builders reordering the order of the scripts loaded-->\n        <script>var formDisplay=1;var nfForms=nfForms||[];var form=[];form.id='5';form.settings={\"objectType\":\"Form Setting\",\"editActive\":true,\"title\":\"Inscri\\u00e7\\u00e3o de M\\u00fasicos\",\"show_title\":1,\"allow_public_link\":0,\"embed_form\":\"\",\"clear_complete\":1,\"hide_complete\":1,\"default_label_pos\":\"above\",\"wrapper_class\":\"\",\"element_class\":\"\",\"form_title_heading_level\":\"3\",\"key\":\"\",\"add_submit\":0,\"changeEmailErrorMsg\":\"Digite um endere\\u00e7o de e-mail v\\u00e1lido!\",\"changeDateErrorMsg\":\"Digite uma data v\\u00e1lida!\",\"confirmFieldErrorMsg\":\"Estes campos devem corresponder!\",\"fieldNumberNumMinError\":\"Erro no n\\u00famero m\\u00ednimo\",\"fieldNumberNumMaxError\":\"Erro no n\\u00famero m\\u00e1ximo\",\"fieldNumberIncrementBy\":\"Incremente por \",\"formErrorsCorrectErrors\":\"Corrija os erros antes de enviar este formul\\u00e1rio.\",\"validateRequiredField\":\"Este campo \\u00e9 obrigat\\u00f3rio.\",\"honeypotHoneypotError\":\"Erro do Honeypot\",\"fieldsMarkedRequired\":\"Campos marcados com <span class=\\\"ninja-forms-req-symbol\\\">*<\\\/span> s\\u00e3o requeridos\",\"currency\":\"\",\"unique_field_error\":\"Um formul\\u00e1rio com este valor j\\u00e1 foi enviado.\",\"logged_in\":false,\"not_logged_in_msg\":\"\",\"sub_limit_msg\":\"O formul\\u00e1rio atingiu seu limite de envio.\",\"calculations\":[],\"formContentData\":[\"nome_completo_1757527430922\",\"telefone_whatsapp_1757527458543\",\"email_1757527416133\",\"instrumentos_que_toca_1757527515226\",\"link_para_seus_video_no_youtube_1757527961049\",\"instagram_1757527580833\",\"facebook_1757527932032\",\"repertorio_estilos_musicais_1757527489044\",\"quais_foram_os_3_ultimos_locais_de_sua_apresentacao_e_os_caches_1757716662761\",\"conte_mais_sobre_voce_e_seu_trabalho_musical_1757716856073\",\"enviar_1757528043765\"],\"objectDomain\":\"display\",\"drawerDisabled\":false,\"ninjaForms\":\"Ninja Forms\",\"fieldTextareaRTEInsertLink\":\"Insira o Link\",\"fieldTextareaRTEInsertMedia\":\"Inserir m\\u00eddia\",\"fieldTextareaRTESelectAFile\":\"Selecionar Arquivo\",\"formHoneypot\":\"Se voc\\u00ea for um humano, deixe este campo em branco.\",\"fileUploadOldCodeFileUploadInProgress\":\"Upload de arquivo em andamento.\",\"fileUploadOldCodeFileUpload\":\"UPLOAD DE ARQUIVO\",\"currencySymbol\":\"&#36;\",\"thousands_sep\":\".\",\"decimal_point\":\",\",\"siteLocale\":\"pt_BR\",\"dateFormat\":\"d\\\/m\\\/Y\",\"startOfWeek\":\"1\",\"of\":\"de\",\"previousMonth\":\"M\\u00eas anterior\",\"nextMonth\":\"Pr\\u00f3ximo m\\u00eas\",\"months\":[\"Janeiro\",\"Fevereiro\",\"Mar\\u00e7o\",\"Abril\",\"Maio\",\"Junho\",\"Julho\",\"Agosto\",\"Setembro\",\"Outubro\",\"Novembro\",\"Dezembro\"],\"monthsShort\":[\"Jan\",\"Fev\",\"Mar\",\"Abr\",\"Maio\",\"Jun\",\"Jul\",\"Ago\",\"Set\",\"Out\",\"Nov\",\"Dez\"],\"weekdays\":[\"Domingo\",\"Segunda-feira\",\"Ter\\u00e7a-feira\",\"Quarta-feira\",\"Quinta-feira\",\"Sexta-feira\",\"S\\u00e1bado\"],\"weekdaysShort\":[\"Dom\",\"Seg\",\"Ter\",\"Qua\",\"Qui\",\"Sex\",\"Sat\"],\"weekdaysMin\":[\"Su\",\"Mo\",\"Tu\",\"We\",\"Th\",\"Fr\",\"Sa\"],\"recaptchaConsentMissing\":\"reCaptcha validation couldn&#039;t load.\",\"recaptchaMissingCookie\":\"reCaptcha v3 validation couldn&#039;t load the cookie needed to submit the form.\",\"recaptchaConsentEvent\":\"Accept reCaptcha cookies before sending the form.\",\"currency_symbol\":\"\",\"beforeForm\":\"\",\"beforeFields\":\"\",\"afterFields\":\"\",\"afterForm\":\"\"};form.fields=[{\"objectType\":\"Field\",\"objectDomain\":\"fields\",\"editActive\":false,\"order\":1,\"idAttribute\":\"id\",\"type\":\"textbox\",\"label\":\"Nome Completo\",\"key\":\"nome_completo_1757527430922\",\"label_pos\":\"above\",\"required\":1,\"default\":\"\",\"placeholder\":\"\",\"container_class\":\"\",\"element_class\":\"\",\"input_limit\":\"\",\"input_limit_type\":\"characters\",\"input_limit_msg\":\"Caractere(s) restante(s)\",\"manual_key\":false,\"admin_label\":\"\",\"help_text\":\"\",\"mask\":\"\",\"custom_mask\":\"\",\"custom_name_attribute\":\"\",\"personally_identifiable\":\"\",\"value\":\"\",\"id\":47,\"beforeField\":\"\",\"afterField\":\"\",\"parentType\":\"textbox\",\"element_templates\":[\"textbox\",\"input\"],\"old_classname\":\"\",\"wrap_template\":\"wrap\"},{\"objectType\":\"Field\",\"objectDomain\":\"fields\",\"editActive\":false,\"order\":2,\"idAttribute\":\"id\",\"type\":\"textbox\",\"label\":\"Telefone \\\/ Whatsapp\",\"key\":\"telefone_whatsapp_1757527458543\",\"label_pos\":\"above\",\"required\":1,\"default\":\"\",\"placeholder\":\"\",\"container_class\":\"\",\"element_class\":\"\",\"input_limit\":\"\",\"input_limit_type\":\"characters\",\"input_limit_msg\":\"Caractere(s) restante(s)\",\"manual_key\":false,\"admin_label\":\"\",\"help_text\":\"\",\"mask\":\"\",\"custom_mask\":\"\",\"custom_name_attribute\":\"\",\"personally_identifiable\":\"\",\"value\":\"\",\"drawerDisabled\":false,\"id\":48,\"beforeField\":\"\",\"afterField\":\"\",\"parentType\":\"textbox\",\"element_templates\":[\"textbox\",\"input\"],\"old_classname\":\"\",\"wrap_template\":\"wrap\"},{\"objectType\":\"Field\",\"objectDomain\":\"fields\",\"editActive\":false,\"order\":3,\"idAttribute\":\"id\",\"label\":\"E-mail\",\"type\":\"email\",\"key\":\"email_1757527416133\",\"label_pos\":\"above\",\"required\":1,\"default\":\"\",\"placeholder\":\"\",\"container_class\":\"\",\"element_class\":\"\",\"admin_label\":\"\",\"help_text\":\"\",\"custom_name_attribute\":\"email\",\"personally_identifiable\":1,\"value\":\"\",\"id\":49,\"beforeField\":\"\",\"afterField\":\"\",\"parentType\":\"email\",\"element_templates\":[\"email\",\"input\"],\"old_classname\":\"\",\"wrap_template\":\"wrap\"},{\"objectType\":\"Field\",\"objectDomain\":\"fields\",\"editActive\":false,\"order\":4,\"idAttribute\":\"id\",\"label\":\"Instrumentos que toca\",\"type\":\"textbox\",\"key\":\"instrumentos_que_toca_1757527515226\",\"label_pos\":\"above\",\"required\":1,\"default\":\"\",\"placeholder\":\"\",\"container_class\":\"\",\"element_class\":\"\",\"input_limit\":\"\",\"input_limit_type\":\"characters\",\"input_limit_msg\":\"Caractere(s) restante(s)\",\"manual_key\":false,\"admin_label\":\"\",\"help_text\":\"\",\"mask\":\"\",\"custom_mask\":\"\",\"custom_name_attribute\":\"\",\"personally_identifiable\":\"\",\"value\":\"\",\"drawerDisabled\":false,\"id\":50,\"beforeField\":\"\",\"afterField\":\"\",\"parentType\":\"textbox\",\"element_templates\":[\"textbox\",\"input\"],\"old_classname\":\"\",\"wrap_template\":\"wrap\"},{\"objectType\":\"Field\",\"objectDomain\":\"fields\",\"editActive\":false,\"order\":5,\"idAttribute\":\"id\",\"label\":\"Link para seus v\\u00eddeo no Youtube\",\"type\":\"textbox\",\"key\":\"link_para_seus_video_no_youtube_1757527961049\",\"label_pos\":\"above\",\"required\":1,\"default\":\"\",\"placeholder\":\"\",\"container_class\":\"\",\"element_class\":\"\",\"input_limit\":\"\",\"input_limit_type\":\"characters\",\"input_limit_msg\":\"Caractere(s) restante(s)\",\"manual_key\":false,\"admin_label\":\"\",\"help_text\":\"\",\"mask\":\"\",\"custom_mask\":\"\",\"custom_name_attribute\":\"\",\"personally_identifiable\":\"\",\"value\":\"\",\"drawerDisabled\":false,\"id\":51,\"beforeField\":\"\",\"afterField\":\"\",\"parentType\":\"textbox\",\"element_templates\":[\"textbox\",\"input\"],\"old_classname\":\"\",\"wrap_template\":\"wrap\"},{\"objectType\":\"Field\",\"objectDomain\":\"fields\",\"editActive\":false,\"order\":6,\"idAttribute\":\"id\",\"label\":\"Instagram\",\"type\":\"textbox\",\"key\":\"instagram_1757527580833\",\"label_pos\":\"above\",\"required\":1,\"default\":\"\",\"placeholder\":\"\",\"container_class\":\"\",\"element_class\":\"\",\"input_limit\":\"\",\"input_limit_type\":\"characters\",\"input_limit_msg\":\"Caractere(s) restante(s)\",\"manual_key\":false,\"admin_label\":\"\",\"help_text\":\"\",\"mask\":\"\",\"custom_mask\":\"\",\"custom_name_attribute\":\"\",\"personally_identifiable\":\"\",\"value\":\"\",\"drawerDisabled\":false,\"id\":52,\"beforeField\":\"\",\"afterField\":\"\",\"parentType\":\"textbox\",\"element_templates\":[\"textbox\",\"input\"],\"old_classname\":\"\",\"wrap_template\":\"wrap\"},{\"objectType\":\"Field\",\"objectDomain\":\"fields\",\"editActive\":false,\"order\":7,\"idAttribute\":\"id\",\"type\":\"textbox\",\"label\":\"Facebook\",\"key\":\"facebook_1757527932032\",\"label_pos\":\"above\",\"required\":1,\"default\":\"\",\"placeholder\":\"\",\"container_class\":\"\",\"element_class\":\"\",\"input_limit\":\"\",\"input_limit_type\":\"characters\",\"input_limit_msg\":\"Caractere(s) restante(s)\",\"manual_key\":false,\"admin_label\":\"\",\"help_text\":\"\",\"mask\":\"\",\"custom_mask\":\"\",\"custom_name_attribute\":\"\",\"personally_identifiable\":\"\",\"value\":\"\",\"drawerDisabled\":false,\"id\":53,\"beforeField\":\"\",\"afterField\":\"\",\"parentType\":\"textbox\",\"element_templates\":[\"textbox\",\"input\"],\"old_classname\":\"\",\"wrap_template\":\"wrap\"},{\"objectType\":\"Field\",\"objectDomain\":\"fields\",\"editActive\":false,\"order\":9,\"idAttribute\":\"id\",\"label\":\"Repert\\u00f3rio \\\/ Estilos Musicais\",\"type\":\"textarea\",\"key\":\"repertorio_estilos_musicais_1757527489044\",\"label_pos\":\"above\",\"required\":1,\"default\":\"\",\"placeholder\":\"\",\"container_class\":\"\",\"element_class\":\"\",\"input_limit\":\"\",\"input_limit_type\":\"characters\",\"input_limit_msg\":\"Caractere(s) restante(s)\",\"manual_key\":false,\"admin_label\":\"\",\"help_text\":\"\",\"textarea_rte\":\"\",\"disable_rte_mobile\":\"\",\"textarea_media\":\"\",\"value\":\"\",\"drawerDisabled\":false,\"id\":54,\"beforeField\":\"\",\"afterField\":\"\",\"parentType\":\"textarea\",\"element_templates\":[\"textarea\",\"input\"],\"old_classname\":\"\",\"wrap_template\":\"wrap\"},{\"objectType\":\"Field\",\"objectDomain\":\"fields\",\"editActive\":false,\"order\":10,\"idAttribute\":\"id\",\"label\":\"Quais foram os 3 \\u00faltimos locais de sua apresenta\\u00e7\\u00e3o e os cach\\u00eas?\",\"type\":\"textarea\",\"key\":\"quais_foram_os_3_ultimos_locais_de_sua_apresentacao_e_os_caches_1757716662761\",\"label_pos\":\"above\",\"required\":1,\"default\":\"\",\"placeholder\":\"\",\"container_class\":\"\",\"element_class\":\"\",\"input_limit\":\"\",\"input_limit_type\":\"characters\",\"input_limit_msg\":\"Caractere(s) restante(s)\",\"manual_key\":false,\"admin_label\":\"\",\"help_text\":\"\",\"textarea_rte\":\"\",\"disable_rte_mobile\":\"\",\"textarea_media\":\"\",\"value\":\"\",\"drawerDisabled\":false,\"id\":55,\"beforeField\":\"\",\"afterField\":\"\",\"parentType\":\"textarea\",\"element_templates\":[\"textarea\",\"input\"],\"old_classname\":\"\",\"wrap_template\":\"wrap\"},{\"objectType\":\"Field\",\"objectDomain\":\"fields\",\"editActive\":false,\"order\":11,\"idAttribute\":\"id\",\"type\":\"textarea\",\"label\":\"Conte mais sobre voc\\u00ea e seu trabalho musical\",\"key\":\"conte_mais_sobre_voce_e_seu_trabalho_musical_1757716856073\",\"label_pos\":\"above\",\"required\":1,\"default\":\"\",\"placeholder\":\"\",\"container_class\":\"\",\"element_class\":\"\",\"input_limit\":\"\",\"input_limit_type\":\"characters\",\"input_limit_msg\":\"Caractere(s) restante(s)\",\"manual_key\":false,\"admin_label\":\"\",\"help_text\":\"\",\"textarea_rte\":\"\",\"disable_rte_mobile\":\"\",\"textarea_media\":\"\",\"value\":\"\",\"drawerDisabled\":false,\"id\":56,\"beforeField\":\"\",\"afterField\":\"\",\"parentType\":\"textarea\",\"element_templates\":[\"textarea\",\"input\"],\"old_classname\":\"\",\"wrap_template\":\"wrap\"},{\"objectType\":\"Field\",\"objectDomain\":\"fields\",\"editActive\":false,\"order\":12,\"idAttribute\":\"id\",\"label\":\"Enviar\",\"type\":\"submit\",\"processing_label\":\"Processando\",\"container_class\":\"\",\"element_class\":\"\",\"key\":\"enviar_1757528043765\",\"admin_label\":\"\",\"drawerDisabled\":false,\"id\":57,\"beforeField\":\"\",\"afterField\":\"\",\"value\":\"\",\"label_pos\":\"above\",\"parentType\":\"textbox\",\"element_templates\":[\"submit\",\"button\",\"input\"],\"old_classname\":\"\",\"wrap_template\":\"wrap-no-label\"}];nfForms.push(form);<\/script>\n        \t\t\t\t\t\t\t\t<\/div>\n\t\t\t\t\t<\/div>\n\t\t\t\t<\/div>\n\t\t\t\t<\/div>\n\t\t","protected":false},"excerpt":{"rendered":"<p>Como funciona para M\u00fasicos Quer mostrar seu talento em eventos inesquec\u00edveis?A MPE conecta m\u00fasicos a contratantes de todo o Brasil, com a curadoria de produtores especializados que cuidam de cada detalhe para voc\u00ea. 1. Inscreva-se Preencha o formul\u00e1rio de inscri\u00e7\u00e3o com seus dados e informa\u00e7\u00f5es sobre seu trabalho musical. 2. Avalia\u00e7\u00e3o Nossa equipe faz uma [&hellip;]<\/p>\n","protected":false},"author":1,"featured_media":0,"parent":0,"menu_order":0,"comment_status":"closed","ping_status":"closed","template":"","meta":{"footnotes":""},"class_list":["post-423","page","type-page","status-publish","hentry"],"yoast_head":"<!-- This site is optimized with the Yoast SEO plugin v27.2 - https:\/\/yoast.com\/product\/yoast-seo-wordpress\/ -->\n<title>Como Funciona - M\u00fasicos - MPE M\u00fasicos para Eventos<\/title>\n<meta name=\"robots\" content=\"index, follow, max-snippet:-1, max-image-preview:large, max-video-preview:-1\" \/>\n<link rel=\"canonical\" href=\"https:\/\/musicosparaeventos.com.br\/portal\/como-funciona-musicos\/\" \/>\n<meta property=\"og:locale\" content=\"pt_BR\" \/>\n<meta property=\"og:type\" content=\"article\" \/>\n<meta property=\"og:title\" content=\"Como Funciona - M\u00fasicos - MPE M\u00fasicos para Eventos\" \/>\n<meta property=\"og:description\" content=\"Como funciona para M\u00fasicos Quer mostrar seu talento em eventos inesquec\u00edveis?A MPE conecta m\u00fasicos a contratantes de todo o Brasil, com a curadoria de produtores especializados que cuidam de cada detalhe para voc\u00ea. 1. Inscreva-se Preencha o formul\u00e1rio de inscri\u00e7\u00e3o com seus dados e informa\u00e7\u00f5es sobre seu trabalho musical. 2. Avalia\u00e7\u00e3o Nossa equipe faz uma [&hellip;]\" \/>\n<meta property=\"og:url\" content=\"https:\/\/musicosparaeventos.com.br\/portal\/como-funciona-musicos\/\" \/>\n<meta property=\"og:site_name\" content=\"MPE M\u00fasicos para Eventos\" \/>\n<meta property=\"article:modified_time\" content=\"2026-03-11T19:37:10+00:00\" \/>\n<meta name=\"twitter:card\" content=\"summary_large_image\" \/>\n<meta name=\"twitter:label1\" content=\"Est. tempo de leitura\" \/>\n\t<meta name=\"twitter:data1\" content=\"1 minuto\" \/>\n<script type=\"application\/ld+json\" class=\"yoast-schema-graph\">{\"@context\":\"https:\/\/schema.org\",\"@graph\":[{\"@type\":\"WebPage\",\"@id\":\"https:\/\/musicosparaeventos.com.br\/portal\/como-funciona-musicos\/\",\"url\":\"https:\/\/musicosparaeventos.com.br\/portal\/como-funciona-musicos\/\",\"name\":\"Como Funciona - M\u00fasicos - MPE M\u00fasicos para Eventos\",\"isPartOf\":{\"@id\":\"https:\/\/musicosparaeventos.com.br\/portal\/#website\"},\"datePublished\":\"2025-08-25T15:44:15+00:00\",\"dateModified\":\"2026-03-11T19:37:10+00:00\",\"breadcrumb\":{\"@id\":\"https:\/\/musicosparaeventos.com.br\/portal\/como-funciona-musicos\/#breadcrumb\"},\"inLanguage\":\"pt-BR\",\"potentialAction\":[{\"@type\":\"ReadAction\",\"target\":[\"https:\/\/musicosparaeventos.com.br\/portal\/como-funciona-musicos\/\"]}]},{\"@type\":\"BreadcrumbList\",\"@id\":\"https:\/\/musicosparaeventos.com.br\/portal\/como-funciona-musicos\/#breadcrumb\",\"itemListElement\":[{\"@type\":\"ListItem\",\"position\":1,\"name\":\"In\u00edcio\",\"item\":\"https:\/\/musicosparaeventos.com.br\/portal\/\"},{\"@type\":\"ListItem\",\"position\":2,\"name\":\"Como Funciona &#8211; M\u00fasicos\"}]},{\"@type\":\"WebSite\",\"@id\":\"https:\/\/musicosparaeventos.com.br\/portal\/#website\",\"url\":\"https:\/\/musicosparaeventos.com.br\/portal\/\",\"name\":\"MPE M\u00fasicos para Eventos\",\"description\":\"MPE M\u00fasicos para Eventos\",\"publisher\":{\"@id\":\"https:\/\/musicosparaeventos.com.br\/portal\/#organization\"},\"potentialAction\":[{\"@type\":\"SearchAction\",\"target\":{\"@type\":\"EntryPoint\",\"urlTemplate\":\"https:\/\/musicosparaeventos.com.br\/portal\/?s={search_term_string}\"},\"query-input\":{\"@type\":\"PropertyValueSpecification\",\"valueRequired\":true,\"valueName\":\"search_term_string\"}}],\"inLanguage\":\"pt-BR\"},{\"@type\":\"Organization\",\"@id\":\"https:\/\/musicosparaeventos.com.br\/portal\/#organization\",\"name\":\"MPE M\u00fasicos para Eventos\",\"url\":\"https:\/\/musicosparaeventos.com.br\/portal\/\",\"logo\":{\"@type\":\"ImageObject\",\"inLanguage\":\"pt-BR\",\"@id\":\"https:\/\/musicosparaeventos.com.br\/portal\/#\/schema\/logo\/image\/\",\"url\":\"https:\/\/musicosparaeventos.com.br\/portal\/wp-content\/uploads\/2025\/08\/cropped-mpe-logo1.png\",\"contentUrl\":\"https:\/\/musicosparaeventos.com.br\/portal\/wp-content\/uploads\/2025\/08\/cropped-mpe-logo1.png\",\"width\":150,\"height\":71,\"caption\":\"MPE M\u00fasicos para Eventos\"},\"image\":{\"@id\":\"https:\/\/musicosparaeventos.com.br\/portal\/#\/schema\/logo\/image\/\"}}]}<\/script>\n<!-- \/ Yoast SEO plugin. -->","yoast_head_json":{"title":"Como Funciona - M\u00fasicos - MPE M\u00fasicos para Eventos","robots":{"index":"index","follow":"follow","max-snippet":"max-snippet:-1","max-image-preview":"max-image-preview:large","max-video-preview":"max-video-preview:-1"},"canonical":"https:\/\/musicosparaeventos.com.br\/portal\/como-funciona-musicos\/","og_locale":"pt_BR","og_type":"article","og_title":"Como Funciona - M\u00fasicos - MPE M\u00fasicos para Eventos","og_description":"Como funciona para M\u00fasicos Quer mostrar seu talento em eventos inesquec\u00edveis?A MPE conecta m\u00fasicos a contratantes de todo o Brasil, com a curadoria de produtores especializados que cuidam de cada detalhe para voc\u00ea. 1. Inscreva-se Preencha o formul\u00e1rio de inscri\u00e7\u00e3o com seus dados e informa\u00e7\u00f5es sobre seu trabalho musical. 2. Avalia\u00e7\u00e3o Nossa equipe faz uma [&hellip;]","og_url":"https:\/\/musicosparaeventos.com.br\/portal\/como-funciona-musicos\/","og_site_name":"MPE M\u00fasicos para Eventos","article_modified_time":"2026-03-11T19:37:10+00:00","twitter_card":"summary_large_image","twitter_misc":{"Est. tempo de leitura":"1 minuto"},"schema":{"@context":"https:\/\/schema.org","@graph":[{"@type":"WebPage","@id":"https:\/\/musicosparaeventos.com.br\/portal\/como-funciona-musicos\/","url":"https:\/\/musicosparaeventos.com.br\/portal\/como-funciona-musicos\/","name":"Como Funciona - M\u00fasicos - MPE M\u00fasicos para Eventos","isPartOf":{"@id":"https:\/\/musicosparaeventos.com.br\/portal\/#website"},"datePublished":"2025-08-25T15:44:15+00:00","dateModified":"2026-03-11T19:37:10+00:00","breadcrumb":{"@id":"https:\/\/musicosparaeventos.com.br\/portal\/como-funciona-musicos\/#breadcrumb"},"inLanguage":"pt-BR","potentialAction":[{"@type":"ReadAction","target":["https:\/\/musicosparaeventos.com.br\/portal\/como-funciona-musicos\/"]}]},{"@type":"BreadcrumbList","@id":"https:\/\/musicosparaeventos.com.br\/portal\/como-funciona-musicos\/#breadcrumb","itemListElement":[{"@type":"ListItem","position":1,"name":"In\u00edcio","item":"https:\/\/musicosparaeventos.com.br\/portal\/"},{"@type":"ListItem","position":2,"name":"Como Funciona &#8211; M\u00fasicos"}]},{"@type":"WebSite","@id":"https:\/\/musicosparaeventos.com.br\/portal\/#website","url":"https:\/\/musicosparaeventos.com.br\/portal\/","name":"MPE M\u00fasicos para Eventos","description":"MPE M\u00fasicos para Eventos","publisher":{"@id":"https:\/\/musicosparaeventos.com.br\/portal\/#organization"},"potentialAction":[{"@type":"SearchAction","target":{"@type":"EntryPoint","urlTemplate":"https:\/\/musicosparaeventos.com.br\/portal\/?s={search_term_string}"},"query-input":{"@type":"PropertyValueSpecification","valueRequired":true,"valueName":"search_term_string"}}],"inLanguage":"pt-BR"},{"@type":"Organization","@id":"https:\/\/musicosparaeventos.com.br\/portal\/#organization","name":"MPE M\u00fasicos para Eventos","url":"https:\/\/musicosparaeventos.com.br\/portal\/","logo":{"@type":"ImageObject","inLanguage":"pt-BR","@id":"https:\/\/musicosparaeventos.com.br\/portal\/#\/schema\/logo\/image\/","url":"https:\/\/musicosparaeventos.com.br\/portal\/wp-content\/uploads\/2025\/08\/cropped-mpe-logo1.png","contentUrl":"https:\/\/musicosparaeventos.com.br\/portal\/wp-content\/uploads\/2025\/08\/cropped-mpe-logo1.png","width":150,"height":71,"caption":"MPE M\u00fasicos para Eventos"},"image":{"@id":"https:\/\/musicosparaeventos.com.br\/portal\/#\/schema\/logo\/image\/"}}]}},"_links":{"self":[{"href":"https:\/\/musicosparaeventos.com.br\/portal\/wp-json\/wp\/v2\/pages\/423","targetHints":{"allow":["GET"]}}],"collection":[{"href":"https:\/\/musicosparaeventos.com.br\/portal\/wp-json\/wp\/v2\/pages"}],"about":[{"href":"https:\/\/musicosparaeventos.com.br\/portal\/wp-json\/wp\/v2\/types\/page"}],"author":[{"embeddable":true,"href":"https:\/\/musicosparaeventos.com.br\/portal\/wp-json\/wp\/v2\/users\/1"}],"replies":[{"embeddable":true,"href":"https:\/\/musicosparaeventos.com.br\/portal\/wp-json\/wp\/v2\/comments?post=423"}],"version-history":[{"count":37,"href":"https:\/\/musicosparaeventos.com.br\/portal\/wp-json\/wp\/v2\/pages\/423\/revisions"}],"predecessor-version":[{"id":941,"href":"https:\/\/musicosparaeventos.com.br\/portal\/wp-json\/wp\/v2\/pages\/423\/revisions\/941"}],"wp:attachment":[{"href":"https:\/\/musicosparaeventos.com.br\/portal\/wp-json\/wp\/v2\/media?parent=423"}],"curies":[{"name":"wp","href":"https:\/\/api.w.org\/{rel}","templated":true}]}}