{"id":177,"date":"2021-10-19T17:03:52","date_gmt":"2021-10-19T17:03:52","guid":{"rendered":"https:\/\/listinghive.hivepress.io\/?page_id=8"},"modified":"2026-03-11T16:31:56","modified_gmt":"2026-03-11T19:31:56","slug":"home","status":"publish","type":"page","link":"https:\/\/musicosparaeventos.com.br\/portal\/","title":{"rendered":"Home"},"content":{"rendered":"\n<h1 class=\"wp-block-heading has-text-align-center\">MPE M\u00fasicos para Eventos<\/h1>\n\n\n\n<p class=\"has-text-align-center has-medium-font-size\">M\u00fasica ao vivo para eventos com eleg\u00e2ncia e personalidade<\/p>\n\n\n\n<!--more-->\n<!--noteaser-->\n\n\n\n<div style=\"height:1px\" aria-hidden=\"true\" class=\"wp-block-spacer\"><\/div>\n\n\n\n<div class=\"wp-block-group alignwide\"><div class=\"wp-block-group__inner-container is-layout-flow wp-block-group-is-layout-flow\">\n<h2 class=\"wp-block-heading has-text-align-center\">\ud83c\udfb6 Experi\u00eancias musicais profissionais para recep\u00e7\u00f5es, coquet\u00e9is e celebra\u00e7\u00f5es, com forma\u00e7\u00f5es vers\u00e1teis e dire\u00e7\u00e3o musical especializada.<\/h2>\n\n\n\n<p class=\"has-text-align-center\"><strong>Mais do que m\u00fasicos: uma experi\u00eancia musical para o seu evento<\/strong><\/p>\n\n\n\n<p class=\"has-text-align-center\">O MPE nasceu para oferecer m\u00fasica ao vivo com qualidade art\u00edstica e organiza\u00e7\u00e3o profissional.<\/p>\n\n\n\n<p class=\"has-text-align-center\">Ao longo de anos de atua\u00e7\u00e3o em eventos, desenvolvemos forma\u00e7\u00f5es musicais que se adaptam a diferentes momentos \u2014 desde recep\u00e7\u00f5es elegantes at\u00e9 festas animadas.<\/p>\n\n\n\n<p class=\"has-text-align-center\">Cada projeto \u00e9 pensado para valorizar o ambiente do evento, respeitando o perfil do p\u00fablico e criando a trilha sonora ideal para cada ocasi\u00e3o.<\/p>\n\n\n\n<div class=\"wp-block-buttons is-content-justification-center is-layout-flex wp-container-core-buttons-is-layout-16018d1d wp-block-buttons-is-layout-flex\">\n<div class=\"wp-block-button\"><a class=\"wp-block-button__link has-background has-medium-font-size has-text-align-center has-custom-font-size wp-element-button\" href=\"https:\/\/wa.me\/5511972253336?text=Ol\u00e1,%20meu%20nome%20\u00e9%20________%0AQuero%20fazer%20um%20or\u00e7amento%20para%20contratar%20M\u00fasicos%20para%20Eventos.%0A%0AData:%0AHor\u00e1rio:%0ALocal:%0AN\u00famero%20de%20convidados:%0ATipo%20de%20Evento:%0AAtra\u00e7\u00e3o%20desejada:%0AEstilo%20musical%20desejado:\" style=\"border-top-left-radius:40px;border-top-right-radius:40px;border-bottom-left-radius:40px;border-bottom-right-radius:40px;background-color:#00d33f\" target=\"_blank\" rel=\"noreferrer noopener\">SOLICITAR OR\u00c7AMENTO POR WHATSAPP<\/a><\/div>\n<\/div>\n<\/div><\/div>\n\n\n\n<div class=\"wp-block-group\"><div class=\"wp-block-group__inner-container is-layout-flow wp-block-group-is-layout-flow\">\n<hr class=\"wp-block-separator has-alpha-channel-opacity\"\/>\n\n\n\n<h2 class=\"wp-block-heading has-text-align-center\">TIPOS DE EVENTOS<\/h2>\n\n\n\n<div class=\"wp-block-columns alignwide tw-cols-card tw-cols-card-shadow is-layout-flex wp-container-core-columns-is-layout-abceabcf wp-block-columns-is-layout-flex\">\n<div class=\"wp-block-column is-layout-flow wp-block-column-is-layout-flow\">\n<figure class=\"wp-block-image size-full\"><a href=\"https:\/\/musicosparaeventos.com.br\/portal\/?_sort=rating__desc&amp;s=&amp;post_type=hp_listing&amp;latitude=&amp;longitude=&amp;_category=154&amp;location=&amp;tipodeevento%5B%5D=161\"><img fetchpriority=\"high\" decoding=\"async\" width=\"700\" height=\"500\" src=\"https:\/\/musicosparaeventos.com.br\/portal\/wp-content\/uploads\/2026\/02\/banda-mpe.jpeg\" alt=\"\" class=\"wp-image-900\" srcset=\"https:\/\/musicosparaeventos.com.br\/portal\/wp-content\/uploads\/2026\/02\/banda-mpe.jpeg 700w, https:\/\/musicosparaeventos.com.br\/portal\/wp-content\/uploads\/2026\/02\/banda-mpe-300x214.jpeg 300w\" sizes=\"(max-width: 700px) 100vw, 700px\" \/><\/a><\/figure>\n\n\n\n<div class=\"wp-block-buttons is-content-justification-center is-layout-flex wp-container-core-buttons-is-layout-16018d1d wp-block-buttons-is-layout-flex\">\n<div class=\"wp-block-button\"><a class=\"wp-block-button__link has-vivid-green-cyan-background-color has-background wp-element-button\" href=\"https:\/\/musicosparaeventos.com.br\/portal\/?_sort=rating__desc&amp;s=&amp;post_type=hp_listing&amp;latitude=&amp;longitude=&amp;_category=154&amp;location=&amp;tipodeevento%5B%5D=161\">CONHECER<\/a><\/div>\n<\/div>\n\n\n\n<h3 class=\"wp-block-heading has-large-font-size\">\ud83c\udf89 Sociais<\/h3>\n\n\n\n<p>Celebre com m\u00fasica ao vivo de qualidade e artistas experientes.<\/p>\n\n\n\n<ul class=\"wp-block-list\">\n<li>M\u00fasica ao vivo para anivers\u00e1rio<\/li>\n\n\n\n<li>Festas de fim de ano<\/li>\n\n\n\n<li>Homenagem com m\u00fasica ao vivo<\/li>\n\n\n\n<li>Serenatas<\/li>\n\n\n\n<li>Eventos familiares<\/li>\n\n\n\n<li>Festas particulares<\/li>\n\n\n\n<li>Voz e viol\u00e3o para o churrasco<\/li>\n<\/ul>\n<\/div>\n\n\n\n<div class=\"wp-block-column is-layout-flow wp-block-column-is-layout-flow\">\n<figure class=\"wp-block-image size-full\"><a href=\"https:\/\/musicosparaeventos.com.br\/portal\/?_sort=rating__desc&amp;s=&amp;post_type=hp_listing&amp;latitude=&amp;longitude=&amp;_category=154&amp;location=&amp;tipodeevento%5B%5D=155\"><img decoding=\"async\" width=\"700\" height=\"500\" src=\"https:\/\/musicosparaeventos.com.br\/portal\/wp-content\/uploads\/2026\/02\/mpe-banda.jpg\" alt=\"\" class=\"wp-image-892\" srcset=\"https:\/\/musicosparaeventos.com.br\/portal\/wp-content\/uploads\/2026\/02\/mpe-banda.jpg 700w, https:\/\/musicosparaeventos.com.br\/portal\/wp-content\/uploads\/2026\/02\/mpe-banda-300x214.jpg 300w\" sizes=\"(max-width: 700px) 100vw, 700px\" \/><\/a><\/figure>\n\n\n\n<div class=\"wp-block-buttons is-content-justification-center is-layout-flex wp-container-core-buttons-is-layout-16018d1d wp-block-buttons-is-layout-flex\">\n<div class=\"wp-block-button\"><a class=\"wp-block-button__link has-vivid-green-cyan-background-color has-background has-text-align-center wp-element-button\" href=\"https:\/\/musicosparaeventos.com.br\/portal\/?_sort=rating__desc&amp;s=&amp;post_type=hp_listing&amp;latitude=&amp;longitude=&amp;_category=154&amp;location=&amp;tipodeevento%5B%5D=155\">CONHECER<\/a><\/div>\n<\/div>\n\n\n\n<h3 class=\"wp-block-heading has-large-font-size\">\ud83c\udfa9 Corporativos<\/h3>\n\n\n\n<p>M\u00fasica ao vivo para conven\u00e7\u00f5es, premia\u00e7\u00f5es, feiras, eventos empresariais, confraterniza\u00e7\u00f5es e lan\u00e7amentos de marca.<\/p>\n\n\n\n<ul class=\"wp-block-list\">\n<li>Jazz para recep\u00e7\u00f5es<\/li>\n\n\n\n<li>Bossa nova e MPB para coquet\u00e9is<\/li>\n\n\n\n<li>Pop internacional e nacional<\/li>\n\n\n\n<li>Forma\u00e7\u00f5es instrumentais sofisticadas<\/li>\n\n\n\n<li>Banda completa para festas corporativas<\/li>\n<\/ul>\n<\/div>\n\n\n\n<div class=\"wp-block-column is-layout-flow wp-block-column-is-layout-flow\">\n<figure class=\"wp-block-image size-full\"><a href=\"https:\/\/musicosparaeventos.com.br\/portal\/?_sort=rating__desc&amp;s=&amp;post_type=hp_listing&amp;latitude=&amp;longitude=&amp;_category=154&amp;location=&amp;tipodeevento%5B%5D=162\"><img decoding=\"async\" width=\"700\" height=\"500\" src=\"https:\/\/musicosparaeventos.com.br\/portal\/wp-content\/uploads\/2026\/02\/casamento-festa2-1.jpeg\" alt=\"\" class=\"wp-image-891\" srcset=\"https:\/\/musicosparaeventos.com.br\/portal\/wp-content\/uploads\/2026\/02\/casamento-festa2-1.jpeg 700w, https:\/\/musicosparaeventos.com.br\/portal\/wp-content\/uploads\/2026\/02\/casamento-festa2-1-300x214.jpeg 300w\" sizes=\"(max-width: 700px) 100vw, 700px\" \/><\/a><\/figure>\n\n\n\n<div class=\"wp-block-buttons is-content-justification-center is-layout-flex wp-container-core-buttons-is-layout-16018d1d wp-block-buttons-is-layout-flex\">\n<div class=\"wp-block-button\"><a class=\"wp-block-button__link has-vivid-green-cyan-background-color has-background has-text-align-center wp-element-button\" href=\"https:\/\/musicosparaeventos.com.br\/portal\/?_sort=rating__desc&amp;s=&amp;post_type=hp_listing&amp;latitude=&amp;longitude=&amp;_category=154&amp;location=&amp;tipodeevento%5B%5D=162\">CONHECER<\/a><\/div>\n<\/div>\n\n\n\n<h3 class=\"wp-block-heading has-large-font-size\">\ud83d\udc8d Casamentos<\/h3>\n\n\n\n<p>Trilhas sonoras emocionantes para cada momento do seu grande dia.<\/p>\n\n\n\n<ul class=\"wp-block-list\">\n<li>Cerim\u00f4nia (entrada, votos, sa\u00edda)<\/li>\n\n\n\n<li>Recep\u00e7\u00e3o e coquetel<\/li>\n\n\n\n<li>Banda para festa<\/li>\n\n\n\n<li>Forma\u00e7\u00f5es ac\u00fasticas elegantes<\/li>\n\n\n\n<li>Repert\u00f3rio personalizado<\/li>\n<\/ul>\n<\/div>\n<\/div>\n<\/div><\/div>\n\n\n\n<div class=\"wp-block-cover alignfull\" style=\"min-height:500px;aspect-ratio:unset;\"><img loading=\"lazy\" decoding=\"async\" width=\"1024\" height=\"935\" sizes=\"(max-width: 799px) 200vw, (max-width: 1024px) 100vw, 1024px\" class=\"wp-block-cover__image-background wp-image-653 size-full\" alt=\"\" src=\"https:\/\/musicosparaeventos.com.br\/portal\/wp-content\/uploads\/2025\/09\/jazz-band.jpg\" data-object-fit=\"cover\" srcset=\"https:\/\/musicosparaeventos.com.br\/portal\/wp-content\/uploads\/2025\/09\/jazz-band.jpg 1024w, https:\/\/musicosparaeventos.com.br\/portal\/wp-content\/uploads\/2025\/09\/jazz-band-300x274.jpg 300w, https:\/\/musicosparaeventos.com.br\/portal\/wp-content\/uploads\/2025\/09\/jazz-band-768x701.jpg 768w\" \/><span aria-hidden=\"true\" class=\"wp-block-cover__background has-black-background-color has-background-dim-80 has-background-dim\"><\/span><div class=\"wp-block-cover__inner-container is-layout-flow wp-block-cover-is-layout-flow\">\n<h2 class=\"wp-block-heading has-text-align-center\">PLANEJANDO UM EVENTO?<\/h2>\n\n\n\n<p class=\"has-text-align-center\">A m\u00fasica ao vivo pode transformar completamente a experi\u00eancia do p\u00fablico.<\/p>\n\n\n\n<p class=\"has-text-align-center\">Entre em contato para conversar sobre o formato musical ideal para o seu evento.<\/p>\n\n\n\n<div class=\"wp-block-buttons is-content-justification-center is-layout-flex wp-container-core-buttons-is-layout-16018d1d wp-block-buttons-is-layout-flex\">\n<div class=\"wp-block-button is-style-outline is-style-outline--1\"><a class=\"wp-block-button__link has-white-color has-text-color has-background has-link-color has-medium-font-size has-custom-font-size wp-element-button\" href=\"https:\/\/wa.me\/5511972253336?text=Ol\u00e1,%20meu%20nome%20\u00e9%20________%0AQuero%20fazer%20um%20or\u00e7amento%20para%20contratar%20M\u00fasicos%20para%20Eventos.%0A%0AData:%0AHor\u00e1rio:%0ALocal:%0AN\u00famero%20de%20convidados:%0ATipo%20de%20Evento:%0AAtra\u00e7\u00e3o%20desejada:%0AEstilo%20musical%20desejado:\" style=\"border-radius:19px;background-color:#0090b0\" target=\"_blank\" rel=\"noreferrer noopener\">SOLICITAR OR\u00c7AMENTO<\/a><\/div>\n<\/div>\n<\/div><\/div>\n\n\n\n<div class=\"wp-block-buttons is-content-justification-center is-layout-flex wp-container-core-buttons-is-layout-16018d1d wp-block-buttons-is-layout-flex\">\n<div class=\"wp-block-button\"><a class=\"wp-block-button__link has-white-color has-luminous-vivid-orange-background-color has-text-color has-background has-link-color wp-element-button\" href=\"https:\/\/musicosparaeventos.com.br\/portal\/listings\/\" style=\"border-radius:14px\"><strong>Conhecer Todos os Show Oferecidos<\/strong><\/a><\/div>\n<\/div>\n\n\n\n<div class=\"wp-block-columns is-layout-flex wp-container-core-columns-is-layout-abceabcf wp-block-columns-is-layout-flex\">\n<div class=\"wp-block-column is-layout-flow wp-block-column-is-layout-flow\" style=\"--col-width:20%;flex-basis:20%\"><\/div>\n\n\n\n<div class=\"wp-block-column is-layout-flow wp-block-column-is-layout-flow\" style=\"--col-width:60%;flex-basis:60%\">\n<h2 class=\"wp-block-heading alignwide has-text-align-center\">Veja a opini\u00e3o de quem j\u00e1 contratou<\/h2>\n\n\n\n<p>Assista a Playlist abaixo com v\u00e1rios v\u00eddeos de clientes muito satisfeitos com nosso trabalho.<\/p>\n\n\n\n<figure class=\"wp-block-embed is-type-video is-provider-youtube wp-block-embed-youtube wp-embed-aspect-16-9 wp-has-aspect-ratio\"><div class=\"wp-block-embed__wrapper\">\n<iframe title=\"Depoimentos\" width=\"749\" height=\"421\" src=\"https:\/\/www.youtube.com\/embed\/videoseries?list=PL4g4OBQq25NpZiByhlEJ8Wu61Zq0VgVm7\" frameborder=\"0\" allow=\"accelerometer; autoplay; clipboard-write; encrypted-media; gyroscope; picture-in-picture; web-share\" referrerpolicy=\"strict-origin-when-cross-origin\" allowfullscreen><\/iframe>\n<\/div><\/figure>\n<\/div>\n\n\n\n<div class=\"wp-block-column is-layout-flow wp-block-column-is-layout-flow\" style=\"--col-width:20%;flex-basis:20%\"><\/div>\n<\/div>\n\n\n\n<div class=\"wp-block-group\"><div class=\"wp-block-group__inner-container is-layout-flow wp-block-group-is-layout-flow\">\n<div class=\"wp-block-media-text is-stacked-on-mobile is-style-default tw-stack-md\" style=\"grid-template-columns:30% auto\"><figure class=\"wp-block-media-text__media\"><img loading=\"lazy\" decoding=\"async\" width=\"700\" height=\"501\" src=\"https:\/\/musicosparaeventos.com.br\/portal\/wp-content\/uploads\/2026\/02\/mpe-banda-eventos-1.jpg\" alt=\"\" class=\"wp-image-893 size-full\" srcset=\"https:\/\/musicosparaeventos.com.br\/portal\/wp-content\/uploads\/2026\/02\/mpe-banda-eventos-1.jpg 700w, https:\/\/musicosparaeventos.com.br\/portal\/wp-content\/uploads\/2026\/02\/mpe-banda-eventos-1-300x215.jpg 300w\" sizes=\"(max-width: 700px) 100vw, 700px\" \/><\/figure><div class=\"wp-block-media-text__content\">\n<h2 class=\"wp-block-heading\">Por que contratar atrav\u00e9s da nossa plataforma?<\/h2>\n\n\n\n<p>\u2714 m\u00fasicos profissionais e experientes<br>\u2714 repert\u00f3rio adaptado ao evento<br>\u2714 organiza\u00e7\u00e3o e pontualidade<br>\u2714 dire\u00e7\u00e3o musical especializada<\/p>\n<\/div><\/div>\n<\/div><\/div>\n\n\n\n<div class=\"wp-block-group\"><div class=\"wp-block-group__inner-container is-layout-flow wp-block-group-is-layout-flow\">\n<div class=\"wp-block-media-text is-stacked-on-mobile is-style-default tw-stack-md\" style=\"grid-template-columns:30% auto\"><figure class=\"wp-block-media-text__media\"><img loading=\"lazy\" decoding=\"async\" width=\"500\" height=\"457\" src=\"https:\/\/musicosparaeventos.com.br\/portal\/wp-content\/uploads\/2025\/08\/musicosparaeventos10.jpg\" alt=\"\" class=\"wp-image-274 size-full\" srcset=\"https:\/\/musicosparaeventos.com.br\/portal\/wp-content\/uploads\/2025\/08\/musicosparaeventos10.jpg 500w, https:\/\/musicosparaeventos.com.br\/portal\/wp-content\/uploads\/2025\/08\/musicosparaeventos10-300x274.jpg 300w\" sizes=\"(max-width: 500px) 100vw, 500px\" \/><\/figure><div class=\"wp-block-media-text__content\">\n<h2 class=\"wp-block-heading has-text-align-center\">Para quem \u00e9<\/h2>\n\n\n\n<p>Para quem est\u00e1 organizando eventos dos tipos:<\/p>\n\n\n\n<ul class=\"wp-block-list\">\n<li>Eventos corporativos<\/li>\n\n\n\n<li>Recep\u00e7\u00f5es e coquet\u00e9is<\/li>\n\n\n\n<li>Confraterniza\u00e7\u00f5es<\/li>\n\n\n\n<li>Anivers\u00e1rios e celebra\u00e7\u00f5es especiais<\/li>\n\n\n\n<li>Eventos sociais<\/li>\n<\/ul>\n\n\n\n<p><a href=\"https:\/\/musicosparaeventos.com.br\/portal\/solicitar-orcamento\/\"><strong>SOLICITAR OR\u00c7AMENTO PERSONALIZADO<\/strong><\/a><\/p>\n<\/div><\/div>\n<\/div><\/div>\n\n\n\n<p><\/p>\n","protected":false},"excerpt":{"rendered":"<p>MPE M\u00fasicos para Eventos M\u00fasica ao vivo para eventos com eleg\u00e2ncia e personalidade<\/p>\n","protected":false},"author":1,"featured_media":0,"parent":0,"menu_order":0,"comment_status":"closed","ping_status":"closed","template":"","meta":{"footnotes":""},"class_list":["post-177","page","type-page","status-publish","hentry"],"yoast_head":"<!-- This site is optimized with the Yoast SEO plugin v27.2 - https:\/\/yoast.com\/product\/yoast-seo-wordpress\/ -->\n<title>Home - MPE M\u00fasicos para Eventos<\/title>\n<meta name=\"robots\" content=\"index, follow, max-snippet:-1, max-image-preview:large, max-video-preview:-1\" \/>\n<link rel=\"canonical\" href=\"https:\/\/musicosparaeventos.com.br\/portal\/\" \/>\n<meta property=\"og:locale\" content=\"pt_BR\" \/>\n<meta property=\"og:type\" content=\"article\" \/>\n<meta property=\"og:title\" content=\"Home - MPE M\u00fasicos para Eventos\" \/>\n<meta property=\"og:description\" content=\"MPE M\u00fasicos para Eventos M\u00fasica ao vivo para eventos com eleg\u00e2ncia e personalidade\" \/>\n<meta property=\"og:url\" content=\"https:\/\/musicosparaeventos.com.br\/portal\/\" \/>\n<meta property=\"og:site_name\" content=\"MPE M\u00fasicos para Eventos\" \/>\n<meta property=\"article:modified_time\" content=\"2026-03-11T19:31:56+00:00\" \/>\n<meta property=\"og:image\" content=\"https:\/\/musicosparaeventos.com.br\/portal\/wp-content\/uploads\/2026\/02\/banda-mpe.jpeg\" \/>\n\t<meta property=\"og:image:width\" content=\"700\" \/>\n\t<meta property=\"og:image:height\" content=\"500\" \/>\n\t<meta property=\"og:image:type\" content=\"image\/jpeg\" \/>\n<meta name=\"twitter:card\" content=\"summary_large_image\" \/>\n<meta name=\"twitter:label1\" content=\"Est. tempo de leitura\" \/>\n\t<meta name=\"twitter:data1\" content=\"3 minutos\" \/>\n<script type=\"application\/ld+json\" class=\"yoast-schema-graph\">{\"@context\":\"https:\/\/schema.org\",\"@graph\":[{\"@type\":\"WebPage\",\"@id\":\"https:\/\/musicosparaeventos.com.br\/portal\/\",\"url\":\"https:\/\/musicosparaeventos.com.br\/portal\/\",\"name\":\"Home - MPE M\u00fasicos para Eventos\",\"isPartOf\":{\"@id\":\"https:\/\/musicosparaeventos.com.br\/portal\/#website\"},\"primaryImageOfPage\":{\"@id\":\"https:\/\/musicosparaeventos.com.br\/portal\/#primaryimage\"},\"image\":{\"@id\":\"https:\/\/musicosparaeventos.com.br\/portal\/#primaryimage\"},\"thumbnailUrl\":\"https:\/\/musicosparaeventos.com.br\/portal\/wp-content\/uploads\/2026\/02\/banda-mpe.jpeg\",\"datePublished\":\"2021-10-19T17:03:52+00:00\",\"dateModified\":\"2026-03-11T19:31:56+00:00\",\"breadcrumb\":{\"@id\":\"https:\/\/musicosparaeventos.com.br\/portal\/#breadcrumb\"},\"inLanguage\":\"pt-BR\",\"potentialAction\":[{\"@type\":\"ReadAction\",\"target\":[\"https:\/\/musicosparaeventos.com.br\/portal\/\"]}]},{\"@type\":\"ImageObject\",\"inLanguage\":\"pt-BR\",\"@id\":\"https:\/\/musicosparaeventos.com.br\/portal\/#primaryimage\",\"url\":\"https:\/\/musicosparaeventos.com.br\/portal\/wp-content\/uploads\/2026\/02\/banda-mpe.jpeg\",\"contentUrl\":\"https:\/\/musicosparaeventos.com.br\/portal\/wp-content\/uploads\/2026\/02\/banda-mpe.jpeg\",\"width\":700,\"height\":500},{\"@type\":\"BreadcrumbList\",\"@id\":\"https:\/\/musicosparaeventos.com.br\/portal\/#breadcrumb\",\"itemListElement\":[{\"@type\":\"ListItem\",\"position\":1,\"name\":\"In\u00edcio\",\"item\":\"https:\/\/musicosparaeventos.com.br\/portal\/\"},{\"@type\":\"ListItem\",\"position\":2,\"name\":\"Home\"}]},{\"@type\":\"WebSite\",\"@id\":\"https:\/\/musicosparaeventos.com.br\/portal\/#website\",\"url\":\"https:\/\/musicosparaeventos.com.br\/portal\/\",\"name\":\"MPE M\u00fasicos para Eventos\",\"description\":\"MPE M\u00fasicos para Eventos\",\"publisher\":{\"@id\":\"https:\/\/musicosparaeventos.com.br\/portal\/#organization\"},\"potentialAction\":[{\"@type\":\"SearchAction\",\"target\":{\"@type\":\"EntryPoint\",\"urlTemplate\":\"https:\/\/musicosparaeventos.com.br\/portal\/?s={search_term_string}\"},\"query-input\":{\"@type\":\"PropertyValueSpecification\",\"valueRequired\":true,\"valueName\":\"search_term_string\"}}],\"inLanguage\":\"pt-BR\"},{\"@type\":\"Organization\",\"@id\":\"https:\/\/musicosparaeventos.com.br\/portal\/#organization\",\"name\":\"MPE M\u00fasicos para Eventos\",\"url\":\"https:\/\/musicosparaeventos.com.br\/portal\/\",\"logo\":{\"@type\":\"ImageObject\",\"inLanguage\":\"pt-BR\",\"@id\":\"https:\/\/musicosparaeventos.com.br\/portal\/#\/schema\/logo\/image\/\",\"url\":\"https:\/\/musicosparaeventos.com.br\/portal\/wp-content\/uploads\/2025\/08\/cropped-mpe-logo1.png\",\"contentUrl\":\"https:\/\/musicosparaeventos.com.br\/portal\/wp-content\/uploads\/2025\/08\/cropped-mpe-logo1.png\",\"width\":150,\"height\":71,\"caption\":\"MPE M\u00fasicos para Eventos\"},\"image\":{\"@id\":\"https:\/\/musicosparaeventos.com.br\/portal\/#\/schema\/logo\/image\/\"}}]}<\/script>\n<!-- \/ Yoast SEO plugin. -->","yoast_head_json":{"title":"Home - MPE M\u00fasicos para Eventos","robots":{"index":"index","follow":"follow","max-snippet":"max-snippet:-1","max-image-preview":"max-image-preview:large","max-video-preview":"max-video-preview:-1"},"canonical":"https:\/\/musicosparaeventos.com.br\/portal\/","og_locale":"pt_BR","og_type":"article","og_title":"Home - MPE M\u00fasicos para Eventos","og_description":"MPE M\u00fasicos para Eventos M\u00fasica ao vivo para eventos com eleg\u00e2ncia e personalidade","og_url":"https:\/\/musicosparaeventos.com.br\/portal\/","og_site_name":"MPE M\u00fasicos para Eventos","article_modified_time":"2026-03-11T19:31:56+00:00","og_image":[{"width":700,"height":500,"url":"https:\/\/musicosparaeventos.com.br\/portal\/wp-content\/uploads\/2026\/02\/banda-mpe.jpeg","type":"image\/jpeg"}],"twitter_card":"summary_large_image","twitter_misc":{"Est. tempo de leitura":"3 minutos"},"schema":{"@context":"https:\/\/schema.org","@graph":[{"@type":"WebPage","@id":"https:\/\/musicosparaeventos.com.br\/portal\/","url":"https:\/\/musicosparaeventos.com.br\/portal\/","name":"Home - MPE M\u00fasicos para Eventos","isPartOf":{"@id":"https:\/\/musicosparaeventos.com.br\/portal\/#website"},"primaryImageOfPage":{"@id":"https:\/\/musicosparaeventos.com.br\/portal\/#primaryimage"},"image":{"@id":"https:\/\/musicosparaeventos.com.br\/portal\/#primaryimage"},"thumbnailUrl":"https:\/\/musicosparaeventos.com.br\/portal\/wp-content\/uploads\/2026\/02\/banda-mpe.jpeg","datePublished":"2021-10-19T17:03:52+00:00","dateModified":"2026-03-11T19:31:56+00:00","breadcrumb":{"@id":"https:\/\/musicosparaeventos.com.br\/portal\/#breadcrumb"},"inLanguage":"pt-BR","potentialAction":[{"@type":"ReadAction","target":["https:\/\/musicosparaeventos.com.br\/portal\/"]}]},{"@type":"ImageObject","inLanguage":"pt-BR","@id":"https:\/\/musicosparaeventos.com.br\/portal\/#primaryimage","url":"https:\/\/musicosparaeventos.com.br\/portal\/wp-content\/uploads\/2026\/02\/banda-mpe.jpeg","contentUrl":"https:\/\/musicosparaeventos.com.br\/portal\/wp-content\/uploads\/2026\/02\/banda-mpe.jpeg","width":700,"height":500},{"@type":"BreadcrumbList","@id":"https:\/\/musicosparaeventos.com.br\/portal\/#breadcrumb","itemListElement":[{"@type":"ListItem","position":1,"name":"In\u00edcio","item":"https:\/\/musicosparaeventos.com.br\/portal\/"},{"@type":"ListItem","position":2,"name":"Home"}]},{"@type":"WebSite","@id":"https:\/\/musicosparaeventos.com.br\/portal\/#website","url":"https:\/\/musicosparaeventos.com.br\/portal\/","name":"MPE M\u00fasicos para Eventos","description":"MPE M\u00fasicos para Eventos","publisher":{"@id":"https:\/\/musicosparaeventos.com.br\/portal\/#organization"},"potentialAction":[{"@type":"SearchAction","target":{"@type":"EntryPoint","urlTemplate":"https:\/\/musicosparaeventos.com.br\/portal\/?s={search_term_string}"},"query-input":{"@type":"PropertyValueSpecification","valueRequired":true,"valueName":"search_term_string"}}],"inLanguage":"pt-BR"},{"@type":"Organization","@id":"https:\/\/musicosparaeventos.com.br\/portal\/#organization","name":"MPE M\u00fasicos para Eventos","url":"https:\/\/musicosparaeventos.com.br\/portal\/","logo":{"@type":"ImageObject","inLanguage":"pt-BR","@id":"https:\/\/musicosparaeventos.com.br\/portal\/#\/schema\/logo\/image\/","url":"https:\/\/musicosparaeventos.com.br\/portal\/wp-content\/uploads\/2025\/08\/cropped-mpe-logo1.png","contentUrl":"https:\/\/musicosparaeventos.com.br\/portal\/wp-content\/uploads\/2025\/08\/cropped-mpe-logo1.png","width":150,"height":71,"caption":"MPE M\u00fasicos para Eventos"},"image":{"@id":"https:\/\/musicosparaeventos.com.br\/portal\/#\/schema\/logo\/image\/"}}]}},"_links":{"self":[{"href":"https:\/\/musicosparaeventos.com.br\/portal\/wp-json\/wp\/v2\/pages\/177","targetHints":{"allow":["GET"]}}],"collection":[{"href":"https:\/\/musicosparaeventos.com.br\/portal\/wp-json\/wp\/v2\/pages"}],"about":[{"href":"https:\/\/musicosparaeventos.com.br\/portal\/wp-json\/wp\/v2\/types\/page"}],"author":[{"embeddable":true,"href":"https:\/\/musicosparaeventos.com.br\/portal\/wp-json\/wp\/v2\/users\/1"}],"replies":[{"embeddable":true,"href":"https:\/\/musicosparaeventos.com.br\/portal\/wp-json\/wp\/v2\/comments?post=177"}],"version-history":[{"count":75,"href":"https:\/\/musicosparaeventos.com.br\/portal\/wp-json\/wp\/v2\/pages\/177\/revisions"}],"predecessor-version":[{"id":937,"href":"https:\/\/musicosparaeventos.com.br\/portal\/wp-json\/wp\/v2\/pages\/177\/revisions\/937"}],"wp:attachment":[{"href":"https:\/\/musicosparaeventos.com.br\/portal\/wp-json\/wp\/v2\/media?parent=177"}],"curies":[{"name":"wp","href":"https:\/\/api.w.org\/{rel}","templated":true}]}}